{"id":34,"date":"2016-03-06T21:46:56","date_gmt":"2016-03-06T20:46:56","guid":{"rendered":"http:\/\/ndegunda.ch\/?page_id=34"},"modified":"2016-03-06T21:48:16","modified_gmt":"2016-03-06T20:48:16","slug":"download","status":"publish","type":"page","link":"https:\/\/ndegunda.ch\/?page_id=34","title":{"rendered":"Steinbruch"},"content":{"rendered":"<article>Aus meiner Zeit als Professor an der FHNW in Windisch gibt es ein paar Dokumente, die evtl. noch gebraucht werden k\u00f6nnen, sei es von Studenten, sei es von Kollegen. Sie sind deshalb hier zug\u00e4nglich gemacht.<\/article>\n<h2>Skripte<\/h2>\n<p><a href=\"http:\/\/ndegunda.ch\/wp-content\/uploads\/2016\/02\/script_rtGL_12.pdf\" rel=\"\">Grundlagen der Regelungstechnik<\/a><br \/>\n<a href=\"http:\/\/ndegunda.ch\/wp-content\/uploads\/2016\/02\/script_MT.pdf\" rel=\"\">Messtechnik f\u00fcr Wirtschaftsingenieure<\/a><br \/>\n<a href=\"http:\/\/ndegunda.ch\/wp-content\/uploads\/2016\/02\/script_RT_12.pdf\" rel=\"\">Regelungstechnik f\u00fcr Wirtschaftsingenieure<\/a><\/p>\n<h2>Projekte<\/h2>\n<p><a href=\"http:\/\/ndegunda.ch\/wp-content\/uploads\/2016\/02\/SAC_fuer_HLK-Anlagen130920.pdf\" rel=\"\">Simple Adaptive Control f\u00fcr HLK-Anlagen<\/a><br \/>\n<a href=\"http:\/\/ndegunda.ch\/wp-content\/uploads\/2016\/02\/WT_Modell_v3.pdf\" rel=\"\">Einfaches Modell eines Lufterhitzers in L\u00fcftungsanlagen<\/a><br \/>\n<a href=\"http:\/\/ndegunda.ch\/wp-content\/uploads\/2016\/02\/ModelleFuerHLK_v2.pdf\" rel=\"\">Einfache Modelle f\u00fcr die Simulation von HLK-Anlagen<\/a><\/p>\n","protected":false},"excerpt":{"rendered":"<p>Aus meiner Zeit als Professor an der FHNW in Windisch gibt es ein paar Dokumente, die evtl. noch gebraucht werden k\u00f6nnen, sei es von Studenten, sei es von Kollegen. Sie sind deshalb hier zug\u00e4nglich gemacht. Skripte Grundlagen der Regelungstechnik Messtechnik f\u00fcr Wirtschaftsingenieure Regelungstechnik f\u00fcr Wirtschaftsingenieure Projekte Simple Adaptive Control f\u00fcr HLK-Anlagen Einfaches Modell eines Lufterhitzers [&hellip;]<\/p>\n","protected":false},"author":2,"featured_media":0,"parent":2,"menu_order":0,"comment_status":"closed","ping_status":"closed","template":"","meta":{"footnotes":""},"class_list":["post-34","page","type-page","status-publish","hentry"],"_links":{"self":[{"href":"https:\/\/ndegunda.ch\/index.php?rest_route=\/wp\/v2\/pages\/34","targetHints":{"allow":["GET"]}}],"collection":[{"href":"https:\/\/ndegunda.ch\/index.php?rest_route=\/wp\/v2\/pages"}],"about":[{"href":"https:\/\/ndegunda.ch\/index.php?rest_route=\/wp\/v2\/types\/page"}],"author":[{"embeddable":true,"href":"https:\/\/ndegunda.ch\/index.php?rest_route=\/wp\/v2\/users\/2"}],"replies":[{"embeddable":true,"href":"https:\/\/ndegunda.ch\/index.php?rest_route=%2Fwp%2Fv2%2Fcomments&post=34"}],"version-history":[{"count":3,"href":"https:\/\/ndegunda.ch\/index.php?rest_route=\/wp\/v2\/pages\/34\/revisions"}],"predecessor-version":[{"id":38,"href":"https:\/\/ndegunda.ch\/index.php?rest_route=\/wp\/v2\/pages\/34\/revisions\/38"}],"up":[{"embeddable":true,"href":"https:\/\/ndegunda.ch\/index.php?rest_route=\/wp\/v2\/pages\/2"}],"wp:attachment":[{"href":"https:\/\/ndegunda.ch\/index.php?rest_route=%2Fwp%2Fv2%2Fmedia&parent=34"}],"curies":[{"name":"wp","href":"https:\/\/api.w.org\/{rel}","templated":true}]}}